{"id":3214,"date":"2022-04-19T13:10:06","date_gmt":"2022-04-19T11:10:06","guid":{"rendered":"https:\/\/www.ict.inaf.it\/computing\/?page_id=3214"},"modified":"2022-04-20T11:01:54","modified_gmt":"2022-04-20T09:01:54","slug":"monitor","status":"publish","type":"page","link":"https:\/\/www.ict.inaf.it\/computing\/pleiadi\/monitor\/","title":{"rendered":"Monitor"},"content":{"rendered":"<p>[et_pb_section fb_built=&#8221;1&#8243; _builder_version=&#8221;4.16&#8243; collapsed=&#8221;off&#8221; global_colors_info=&#8221;{}&#8221;][et_pb_row column_structure=&#8221;1_4,3_4&#8243; _builder_version=&#8221;4.17.1&#8243; background_size=&#8221;initial&#8221; background_position=&#8221;top_left&#8221; background_repeat=&#8221;repeat&#8221; global_colors_info=&#8221;{}&#8221;][et_pb_column type=&#8221;1_4&#8243; _builder_version=&#8221;4.17.1&#8243; custom_padding=&#8221;|||&#8221; global_colors_info=&#8221;{}&#8221; custom_padding__hover=&#8221;|||&#8221;][et_pb_sidebar area=&#8221;et_pb_widget_area_9&#8243; _builder_version=&#8221;4.17.1&#8243; _module_preset=&#8221;default&#8221; global_colors_info=&#8221;{}&#8221;][\/et_pb_sidebar][\/et_pb_column][et_pb_column type=&#8221;3_4&#8243; _builder_version=&#8221;4.16&#8243; custom_padding=&#8221;|||&#8221; global_colors_info=&#8221;{}&#8221; custom_padding__hover=&#8221;|||&#8221;][et_pb_text _builder_version=&#8221;4.17.1&#8243; _module_preset=&#8221;default&#8221; global_colors_info=&#8221;{}&#8221;]<\/p>\n<h1>\u00a0<\/h1>\n<h1>Monitoring<\/h1>\n<p>[\/et_pb_text][et_pb_text admin_label=&#8221;Testo&#8221; _builder_version=&#8221;4.17.1&#8243; background_size=&#8221;initial&#8221; background_position=&#8221;top_left&#8221; background_repeat=&#8221;repeat&#8221; hover_enabled=&#8221;0&#8243; global_colors_info=&#8221;{}&#8221; sticky_enabled=&#8221;0&#8243;]<\/p>\n<p>Il Sistema di Monitoring delle PLEIADI \u00e8 in fase di perfezionamento e sar\u00e0 usabile essenzialmente dal gruppo di gestione delle PLEIADI. Una finestra di massima \u00e8 prevista per tutta l&#8217;INAF.<\/p>\n<p>[\/et_pb_text][\/et_pb_column][\/et_pb_row][\/et_pb_section]<\/p>\n","protected":false},"excerpt":{"rendered":"<p>\u00a0 MonitoringIl Sistema di Monitoring delle PLEIADI \u00e8 in fase di perfezionamento e sar\u00e0 usabile essenzialmente dal gruppo di gestione delle PLEIADI. Una finestra di massima \u00e8 prevista per tutta l&#8217;INAF.<\/p>\n","protected":false},"author":19,"featured_media":0,"parent":3121,"menu_order":0,"comment_status":"closed","ping_status":"closed","template":"","meta":{"_et_pb_use_builder":"on","_et_pb_old_content":"<p>Il Sistema di Monitoring delle PLEIADI e' in fase di perfezionamento e sara' usabile essenzialmente dal gruppo di gestione delle PLEIADI. Una finestra di massima e' prevista per tutta l'INAF<\/p>","_et_gb_content_width":""},"_links":{"self":[{"href":"https:\/\/www.ict.inaf.it\/computing\/wp-json\/wp\/v2\/pages\/3214"}],"collection":[{"href":"https:\/\/www.ict.inaf.it\/computing\/wp-json\/wp\/v2\/pages"}],"about":[{"href":"https:\/\/www.ict.inaf.it\/computing\/wp-json\/wp\/v2\/types\/page"}],"author":[{"embeddable":true,"href":"https:\/\/www.ict.inaf.it\/computing\/wp-json\/wp\/v2\/users\/19"}],"replies":[{"embeddable":true,"href":"https:\/\/www.ict.inaf.it\/computing\/wp-json\/wp\/v2\/comments?post=3214"}],"version-history":[{"count":9,"href":"https:\/\/www.ict.inaf.it\/computing\/wp-json\/wp\/v2\/pages\/3214\/revisions"}],"predecessor-version":[{"id":3315,"href":"https:\/\/www.ict.inaf.it\/computing\/wp-json\/wp\/v2\/pages\/3214\/revisions\/3315"}],"up":[{"embeddable":true,"href":"https:\/\/www.ict.inaf.it\/computing\/wp-json\/wp\/v2\/pages\/3121"}],"wp:attachment":[{"href":"https:\/\/www.ict.inaf.it\/computing\/wp-json\/wp\/v2\/media?parent=3214"}],"curies":[{"name":"wp","href":"https:\/\/api.w.org\/{rel}","templated":true}]}}