{"id":3198,"date":"2022-04-19T11:53:26","date_gmt":"2022-04-19T09:53:26","guid":{"rendered":"https:\/\/www.ict.inaf.it\/computing\/?page_id=3198"},"modified":"2023-06-13T09:43:59","modified_gmt":"2023-06-13T07:43:59","slug":"richiesta-risorse","status":"publish","type":"page","link":"https:\/\/www.ict.inaf.it\/computing\/pleiadi\/richiesta-risorse\/","title":{"rendered":"Richiesta Risorse"},"content":{"rendered":"<p>[et_pb_section fb_built=&#8221;1&#8243; _builder_version=&#8221;4.17.1&#8243; _module_preset=&#8221;default&#8221; custom_margin=&#8221;||338px|||&#8221; global_colors_info=&#8221;{}&#8221;][et_pb_row column_structure=&#8221;1_3,2_3&#8243; _builder_version=&#8221;4.17.1&#8243; _module_preset=&#8221;default&#8221; global_colors_info=&#8221;{}&#8221;][et_pb_column type=&#8221;1_3&#8243; _builder_version=&#8221;4.17.1&#8243; _module_preset=&#8221;default&#8221; global_colors_info=&#8221;{}&#8221;][et_pb_sidebar area=&#8221;et_pb_widget_area_9&#8243; disabled_on=&#8221;off|off|off&#8221; _builder_version=&#8221;4.17.1&#8243; _module_preset=&#8221;default&#8221; width=&#8221;100%&#8221; global_colors_info=&#8221;{}&#8221;][\/et_pb_sidebar][\/et_pb_column][et_pb_column type=&#8221;2_3&#8243; _builder_version=&#8221;4.17.1&#8243; _module_preset=&#8221;default&#8221; global_colors_info=&#8221;{}&#8221;][et_pb_text _builder_version=&#8221;4.17.1&#8243; _module_preset=&#8221;default&#8221; global_colors_info=&#8221;{}&#8221;]<\/p>\n<h1 style=\"text-align: center;\">INAF &#8211; USC VIII &#8211; <em>Computing<\/em><\/h1>\n<h2 style=\"text-align: center;\"><strong>Call per risorse di calcolo e preservazioni long-term di dati<\/strong><\/h2>\n<p style=\"font-weight: 400; text-align: center;\"><strong>(data di chiusura 31\/05\/2023)<\/strong><\/p>\n<p>[\/et_pb_text][et_pb_text _builder_version=&#8221;4.17.1&#8243; _module_preset=&#8221;default&#8221; hover_enabled=&#8221;0&#8243; global_colors_info=&#8221;{}&#8221; sticky_enabled=&#8221;0&#8243;]<\/p>\n<p style=\"font-weight: 400;\"><strong>[ English version below ]<\/strong><\/p>\n<p>La USC VIII-<em>Computing <\/em>di INAF indice una call per l\u2019uso di risorse di calcolo HPC\/HTC e per la disponibilit\u00e0 di spazi di archiviazione dei dati.<\/p>\n<p>&nbsp;<\/p>\n<p>In particolare, viene offerto l\u2019uso del sistema di calcolo INAF denominato PLEIADI, le cui caratteristiche tecniche sono descritte sul sito <a href=\"https:\/\/www.ict.inaf.it\/computing\/pleiadi\/\" data-saferedirecturl=\"https:\/\/www.google.com\/url?q=https:\/\/www.ict.inaf.it\/computing\/pleiadi\/&amp;source=gmail&amp;ust=1683642771345000&amp;usg=AOvVaw0VZFgqQSBafvP7nstG2inB\">https:\/\/www.ict.inaf.it\/computing\/Pleiadi<\/a> e del sistema di conservazione a lungo termine dei prodotti scientifici presso IA2 descritto al sito <a href=\"https:\/\/www.ia2.inaf.it\/index.php\/ia2-services\/data-sharing-preservation\" data-saferedirecturl=\"https:\/\/www.google.com\/url?q=https:\/\/www.ia2.inaf.it\/index.php\/ia2-services\/data-sharing-preservation&amp;source=gmail&amp;ust=1683642771345000&amp;usg=AOvVaw2dm3BiLXULJDid9JEwcvBU\">https:\/\/www.ia2.inaf.it\/index.php\/ia2-services\/data-sharing-preservation<\/a><\/p>\n<p>&nbsp;<\/p>\n<p><strong><u>Chi pu\u00f2 applicare<\/u><\/strong><\/p>\n<p>&nbsp;<\/p>\n<p>Alla call possono applicare sia singoli ricercatori, sia team afferenti a progetti di ricerca, progetti europei, PRIN, progetti mainstream INAF, missioni scientifiche etc, che necessitano di risorse di calcolo e di salvataggio dati a lungo termine.<\/p>\n<p>&nbsp;<\/p>\n<p><strong><u>Risorse messe a disposizione<\/u><\/strong><\/p>\n<p>&nbsp;<\/p>\n<p>La call in oggetto (che corrisponde alla numero 2 per il sistema PLEIADI) mette a disposizione un totale di 15.000.000 di core\/hour, che saranno utilizzabili a partire dal giorno 01\/08\/2023. Saranno valutate proposte per l\u2019utilizzo delle e-infra di calcolo che richiedano un minimo di<strong> 100.000 core\/hour <\/strong>sino ad un massimo di <strong>500.000 core\/hour<\/strong>.\u00a0\u00a0 Le risorse di calcolo assegnate saranno disponibili fino a massimo 6 mesi dalla data di prima utilizzabilit\u00e0.<\/p>\n<p>&nbsp;<\/p>\n<p>Per quanto riguarda gli spazi di salvataggio a lungo termine, essi saranno messi a disposizione a partire dal giorno 01\/08\/2023. Le tipiche dimensioni degli spazi richiesti in ogni singola proposta sono <strong>fino a 20TB. <\/strong>Il loro utilizzo potr\u00e0 <em>protrarsi fino a data indicata e giustificata dal richiedente.<\/em> Siccome la preservazione dei dati avverr\u00e0 su dispositivi Tape Library, si consiglia di leggere con attenzione il documento:<\/p>\n<p><a href=\"https:\/\/docs.google.com\/document\/d\/1INOF3lG_TWNlWzjkPj3M1R_mcxyJ_Vkw_t7eF_hC2eE\/edit?usp=share_link\" data-saferedirecturl=\"https:\/\/www.google.com\/url?q=https:\/\/docs.google.com\/document\/d\/1INOF3lG_TWNlWzjkPj3M1R_mcxyJ_Vkw_t7eF_hC2eE\/edit?usp%3Dshare_link&amp;source=gmail&amp;ust=1683642771345000&amp;usg=AOvVaw2dDiMzQhXKZcd-o09qdsiF\">https:\/\/docs.google.com\/document\/d\/1INOF3lG_TWNlWzjkPj3M1R_mcxyJ_Vkw_t7eF_hC2eE\/edit?usp=share_link<\/a> per gli accorgimenti preliminari alla preservazione e per il successivo recupero dei dati.<\/p>\n<p>&nbsp;<\/p>\n<p><strong><u>Modalit\u00e0 di sottomissione delle proposte<\/u><\/strong><\/p>\n<p><em>\u00a0<\/em><\/p>\n<p>Le proposte dovranno essere sottomesse completando il modulo reperibile al link:<\/p>\n<p><a href=\"https:\/\/forms.gle\/UrktvHEQhbYHL9ag9\">https:\/\/forms.gle\/UrktvHEQhbYHL9ag9<\/a><\/p>\n<p>entro le ore 23:59 del giorno 31\/05\/2023.<\/p>\n<p>Nella domanda sar\u00e0 richiesto ai gruppi di ricerca proponenti di specificare nel dettaglio il background scientifico, le caratteristiche tecniche del codice dettagliando librerie, ambiente di calcolo, compilatori, paradigma e grado di parallelismo. Inoltre sar\u00e0 richiesto di descrivere eventuali vincoli sulla modalit\u00e0 di utilizzo delle risorse (per esempio nodi dedicati, numero minimo di nodi richiesti per run, tempo di esecuzione del singolo run, memoria totale per singolo job, etc.) e di indicare il periodo durante il quale si usufruir\u00e0 del tempo di calcolo.<\/p>\n<p>Sar\u00e0 inoltre richiesto ai proponenti di specificare lo spazio storage necessario per l\u2019esecuzione del codice. Tale storage, non soggetto a backup, sar\u00e0 a disposizione fino a 6 mesi dalla conclusione del progetto, ed \u00e8 da intendersi come funzionale per la produzione dati (non corrisponde cio\u00e8 allo storage di preservazione).<\/p>\n<p>Il tempo assegnato che non verr\u00e0 utilizzato nel periodo richiesto non potr\u00e0 essere recuperato successivamente.<\/p>\n<p>Analogamente, la domanda per spazio di preservazione dei dati long term dovr\u00e0 contenere tutti i dati necessari per la valutazione della richiesta: dimensione di spazio storage di preservazione richiesta, tipologia di dati, formato e dimensione di ciascun prodotto scientifico, descrizione della prevista frequenza di accesso, struttura della collezione, policy di accesso ai dati e tutte le informazioni che si ritengono rilevanti per una corretta preservazione dei dati seguendo una politica FAIR.<\/p>\n<p>Nella fase di valutazione delle proposte, il Panel potr\u00e0 richiedere chiarimenti e approfondimenti ai proponenti. La comunicazione della eventuale allocazione delle risorse richieste avverr\u00e0 di norma entro 4-5 settimane dalla chiusura della call.<\/p>\n<p>&nbsp;<\/p>\n<p><strong><u>Ulteriori info e attivit\u00e0 ex-post <\/u><\/strong><\/p>\n<p>&nbsp;<\/p>\n<p>A partire dal 01\/06\/2023, sar\u00e0 altres\u00ec possibile richiedere risorse di calcolo del tipo \u201ca sportello\u201d, fino ad un massimo di <strong>100.000 core\/hour <\/strong>per progetto, e fino ad esaurimento delle risorse disponibili per questa modalit\u00e0 di richiesta, pari a 5.000.000 di core\/hour. Anche queste proposte saranno oggetto di valutazione di congruit\u00e0 e fattibilit\u00e0 da parte da parte della USC VIII e del team di gestione del sistema PLEIADI, con tempi di risposta normalmente inferiori ad una settimana.<\/p>\n<p>&nbsp;<\/p>\n<p>Al termine del progetto, al proponente verr\u00e0 richiesta una breve relazione sui risultati ottenuti e le criticit\u00e0 riscontrate utilizzando le risorse assegnate. Il mancato invio di questa relazione preclude la partecipazione alla call successiva.<\/p>\n<p>Per ogni richiesta di chiarimenti in merito a questa call, scrivere a <strong><a href=\"mailto:board.pleiadi@inaf.it\">board.pleiadi@inaf.it<\/a><\/strong><\/p>\n<p>N.B. In alcuni casi si \u00e8 riscontrato un problema di performance nell\u2019esecuzione del codice PLUTO: mentre si sta operando per superare la criticit\u00e0, si consiglia di tenerne conto nella stima delle core\/hours richieste.<\/p>\n<p>[\/et_pb_text][et_pb_text _builder_version=&#8221;4.17.1&#8243; _module_preset=&#8221;default&#8221; global_colors_info=&#8221;{}&#8221;]<\/p>\n<p style=\"text-align: center;\"><span style=\"color: #333333; font-size: 30px;\">INAF &#8211; USC VIII &#8211; <\/span><em style=\"color: #333333; font-size: 30px;\">Computing<\/em><\/p>\n<h2 style=\"text-align: center;\"><strong>Call for Computing and archiving resources<\/strong><\/h2>\n<p style=\"font-weight: 400; text-align: center;\"><strong>(Closing date 31\/05\/2023)<\/strong><\/p>\n<p>[\/et_pb_text][et_pb_text _builder_version=&#8221;4.17.1&#8243; _module_preset=&#8221;default&#8221; global_colors_info=&#8221;{}&#8221;]<\/p>\n<p style=\"font-weight: 400;\"><strong>[ English version below ]<\/strong><\/p>\n<p>La USC VIII-<em>Computing <\/em>di INAF indice una call per l\u2019uso di risorse di calcolo HPC\/HTC e per la disponibilit\u00e0 di spazi di archiviazione dei dati.<\/p>\n<p>&nbsp;<\/p>\n<p>In particolare, viene offerto l\u2019uso del sistema di calcolo INAF denominato PLEIADI, le cui caratteristiche tecniche sono descritte sul sito <a href=\"https:\/\/www.ict.inaf.it\/computing\/pleiadi\/\" data-saferedirecturl=\"https:\/\/www.google.com\/url?q=https:\/\/www.ict.inaf.it\/computing\/pleiadi\/&amp;source=gmail&amp;ust=1683642771345000&amp;usg=AOvVaw0VZFgqQSBafvP7nstG2inB\">https:\/\/www.ict.inaf.it\/computing\/Pleiadi<\/a> e del sistema di conservazione a lungo termine dei prodotti scientifici presso IA2 descritto al sito <a href=\"https:\/\/www.ia2.inaf.it\/index.php\/ia2-services\/data-sharing-preservation\" data-saferedirecturl=\"https:\/\/www.google.com\/url?q=https:\/\/www.ia2.inaf.it\/index.php\/ia2-services\/data-sharing-preservation&amp;source=gmail&amp;ust=1683642771345000&amp;usg=AOvVaw2dm3BiLXULJDid9JEwcvBU\">https:\/\/www.ia2.inaf.it\/index.php\/ia2-services\/data-sharing-preservation<\/a><\/p>\n<p>&nbsp;<\/p>\n<p><strong><u>Chi pu\u00f2 applicare<\/u><\/strong><\/p>\n<p>&nbsp;<\/p>\n<p>Alla call possono applicare sia singoli ricercatori, sia team afferenti a progetti di ricerca, progetti europei, PRIN, progetti mainstream INAF, missioni scientifiche etc, che necessitano di risorse di calcolo e di salvataggio dati a lungo termine.<\/p>\n<p>&nbsp;<\/p>\n<p><strong><u>Risorse messe a disposizione<\/u><\/strong><\/p>\n<p>&nbsp;<\/p>\n<p>La call in oggetto (che corrisponde alla numero 2 per il sistema PLEIADI) mette a disposizione un totale di 15.000.000 di core\/hour, che saranno utilizzabili a partire dal giorno 01\/08\/2023. Saranno valutate proposte per l\u2019utilizzo delle e-infra di calcolo che richiedano un minimo di<strong> 100.000 core\/hour <\/strong>sino ad un massimo di <strong>500.000 core\/hour<\/strong>.\u00a0\u00a0 Le risorse di calcolo assegnate saranno disponibili fino a massimo 6 mesi dalla data di prima utilizzabilit\u00e0.<\/p>\n<p>&nbsp;<\/p>\n<p>Per quanto riguarda gli spazi di salvataggio a lungo termine, essi saranno messi a disposizione a partire dal giorno 01\/08\/2023. Le tipiche dimensioni degli spazi richiesti in ogni singola proposta sono <strong>fino a 20TB. <\/strong>Il loro utilizzo potr\u00e0 <em>protrarsi fino a data indicata e giustificata dal richiedente.<\/em> Siccome la preservazione dei dati avverr\u00e0 su dispositivi Tape Library, si consiglia di leggere con attenzione il documento:<\/p>\n<p><a href=\"https:\/\/docs.google.com\/document\/d\/1INOF3lG_TWNlWzjkPj3M1R_mcxyJ_Vkw_t7eF_hC2eE\/edit?usp=share_link\" data-saferedirecturl=\"https:\/\/www.google.com\/url?q=https:\/\/docs.google.com\/document\/d\/1INOF3lG_TWNlWzjkPj3M1R_mcxyJ_Vkw_t7eF_hC2eE\/edit?usp%3Dshare_link&amp;source=gmail&amp;ust=1683642771345000&amp;usg=AOvVaw2dDiMzQhXKZcd-o09qdsiF\">https:\/\/docs.google.com\/document\/d\/1INOF3lG_TWNlWzjkPj3M1R_mcxyJ_Vkw_t7eF_hC2eE\/edit?usp=share_link<\/a> per gli accorgimenti preliminari alla preservazione e per il successivo recupero dei dati.<\/p>\n<p>&nbsp;<\/p>\n<p><strong><u>Modalit\u00e0 di sottomissione delle proposte<\/u><\/strong><\/p>\n<p><em>\u00a0<\/em><\/p>\n<p>Le proposte dovranno essere sottomesse completando il modulo reperibile al link:<\/p>\n<p><a href=\"https:\/\/forms.gle\/UrktvHEQhbYHL9ag9\">https:\/\/forms.gle\/UrktvHEQhbYHL9ag9<\/a><\/p>\n<p>entro le ore 23:59 del giorno 31\/05\/2023.<\/p>\n<p>Nella domanda sar\u00e0 richiesto ai gruppi di ricerca proponenti di specificare nel dettaglio il background scientifico, le caratteristiche tecniche del codice dettagliando librerie, ambiente di calcolo, compilatori, paradigma e grado di parallelismo. Inoltre sar\u00e0 richiesto di descrivere eventuali vincoli sulla modalit\u00e0 di utilizzo delle risorse (per esempio nodi dedicati, numero minimo di nodi richiesti per run, tempo di esecuzione del singolo run, memoria totale per singolo job, etc.) e di indicare il periodo durante il quale si usufruir\u00e0 del tempo di calcolo.<\/p>\n<p>Sar\u00e0 inoltre richiesto ai proponenti di specificare lo spazio storage necessario per l\u2019esecuzione del codice. Tale storage, non soggetto a backup, sar\u00e0 a disposizione fino a 6 mesi dalla conclusione del progetto, ed \u00e8 da intendersi come funzionale per la produzione dati (non corrisponde cio\u00e8 allo storage di preservazione).<\/p>\n<p>Il tempo assegnato che non verr\u00e0 utilizzato nel periodo richiesto non potr\u00e0 essere recuperato successivamente.<\/p>\n<p>Analogamente, la domanda per spazio di preservazione dei dati long term dovr\u00e0 contenere tutti i dati necessari per la valutazione della richiesta: dimensione di spazio storage di preservazione richiesta, tipologia di dati, formato e dimensione di ciascun prodotto scientifico, descrizione della prevista frequenza di accesso, struttura della collezione, policy di accesso ai dati e tutte le informazioni che si ritengono rilevanti per una corretta preservazione dei dati seguendo una politica FAIR.<\/p>\n<p>Nella fase di valutazione delle proposte, il Panel potr\u00e0 richiedere chiarimenti e approfondimenti ai proponenti. La comunicazione della eventuale allocazione delle risorse richieste avverr\u00e0 di norma entro 4-5 settimane dalla chiusura della call.<\/p>\n<p>&nbsp;<\/p>\n<p><strong><u>Ulteriori info e attivit\u00e0 ex-post <\/u><\/strong><\/p>\n<p>&nbsp;<\/p>\n<p>A partire dal 01\/06\/2023, sar\u00e0 altres\u00ec possibile richiedere risorse di calcolo del tipo \u201ca sportello\u201d, fino ad un massimo di <strong>100.000 core\/hour <\/strong>per progetto, e fino ad esaurimento delle risorse disponibili per questa modalit\u00e0 di richiesta, pari a 5.000.000 di core\/hour. Anche queste proposte saranno oggetto di valutazione di congruit\u00e0 e fattibilit\u00e0 da parte da parte della USC VIII e del team di gestione del sistema PLEIADI, con tempi di risposta normalmente inferiori ad una settimana.<\/p>\n<p>&nbsp;<\/p>\n<p>Al termine del progetto, al proponente verr\u00e0 richiesta una breve relazione sui risultati ottenuti e le criticit\u00e0 riscontrate utilizzando le risorse assegnate. Il mancato invio di questa relazione preclude la partecipazione alla call successiva.<\/p>\n<p>Per ogni richiesta di chiarimenti in merito a questa call, scrivere a <strong><a href=\"mailto:board.pleiadi@inaf.it\">board.pleiadi@inaf.it<\/a><\/strong><\/p>\n<p>N.B. In alcuni casi si \u00e8 riscontrato un problema di performance nell\u2019esecuzione del codice PLUTO: mentre si sta operando per superare la criticit\u00e0, si consiglia di tenerne conto nella stima delle core\/hours richieste<\/p>\n<p>&nbsp;<\/p>\n<p>******************************************************************<\/p>\n<h1>INAF &#8211; USC VIII &#8211; <em>Computing<\/em><\/h1>\n<h2><strong>Call for Computing and archiving resources<\/strong><\/h2>\n<p style=\"font-weight: 400;\"><strong>(Closing date 31\/05\/2023)<\/strong><\/p>\n<p>&nbsp;<\/p>\n<p>&nbsp;<\/p>\n<p>The USC VIII-Computing of INAF announces a call for the use of HPC\/HTC computing resources and the availability of data storage and archiving spaces.<\/p>\n<p>&nbsp;<\/p>\n<p style=\"font-weight: 400;\">In particular, it is offered the use of the INAF computing system called PLEIADI (whose technical characteristics are described on the website <a href=\"https:\/\/www.ict.inaf.it\/computing\/pleiadi\/\" data-saferedirecturl=\"https:\/\/www.google.com\/url?q=https:\/\/www.ict.inaf.it\/computing\/pleiadi\/&amp;source=gmail&amp;ust=1683642771346000&amp;usg=AOvVaw3kKsi-t9qN4nqrbfcEPWEa\">https:\/\/www.ict.inaf.it\/computing\/Pleiadi<\/a>), and of the storage system of scientific products available at IA2 and described at <a href=\"https:\/\/www.ia2.inaf.it\/index.php\/ia2-services\/data-sharing-preservation\" data-saferedirecturl=\"https:\/\/www.google.com\/url?q=https:\/\/www.ia2.inaf.it\/index.php\/ia2-services\/data-sharing-preservation&amp;source=gmail&amp;ust=1683642771346000&amp;usg=AOvVaw0jsYmL7l6yEXO0HMd-veGs\">https:\/\/www.ia2.inaf.it\/index.php\/ia2-services\/data-sharing-preservation<\/a>.<\/p>\n<p style=\"font-weight: 400;\"><strong><u>Who can apply<\/u><\/strong><\/p>\n<p>&nbsp;<\/p>\n<p style=\"font-weight: 400;\">Both individual researchers and teams belonging to research projects, European projects, PRIN, INAF mainstream projects, scientific missions, etc. that require computing and storage resources can apply to the call.<\/p>\n<p>&nbsp;<\/p>\n<p><strong><u>Available Resources<\/u><\/strong><\/p>\n<p>&nbsp;<\/p>\n<p>The call (which corresponds to number 2 for the PLEIADI system) offers a total of 15,000,000 core\/hours, which will be available from day 01\/08\/2023. Proposals for the use of computing e-infrastructures that require a minimum of <strong>100,000 core\/hours<\/strong> and up to a maximum of <strong>500,000 core\/hours<\/strong> will be evaluated. The assigned computing resources will be available for a maximum of 6 months from the date of first usability.<\/p>\n<p>&nbsp;<\/p>\n<p>Long term storage spaces will be made available from day 01\/08\/2023 with a typical size for each proposal of <strong>about 20 TB.<\/strong> Their use may last up to <em>the date requested and properly justified in the proposal<\/em>. When preserving data on devices such as the Tape Library, it is recommended that you read this document thoroughly:<\/p>\n<p><a href=\"https:\/\/docs.google.com\/document\/d\/1INOF3lG_TWNlWzjkPj3M1R_mcxyJ_Vkw_t7eF_hC2eE\/edit?usp=share_link\" data-saferedirecturl=\"https:\/\/www.google.com\/url?q=https:\/\/docs.google.com\/document\/d\/1INOF3lG_TWNlWzjkPj3M1R_mcxyJ_Vkw_t7eF_hC2eE\/edit?usp%3Dshare_link&amp;source=gmail&amp;ust=1683642771346000&amp;usg=AOvVaw2XZxyTOOowngS2Ez3NYitz\">https:\/\/docs.google.com\/document\/d\/1INOF3lG_TWNlWzjkPj3M1R_mcxyJ_Vkw_t7eF_hC2eE\/edit?usp=share_link<\/a> to be aware about preliminary preparation actions and data retrieval.<\/p>\n<p><strong><u>Proposal submission<\/u><\/strong><\/p>\n<p><em>\u00a0<\/em><\/p>\n<p>Proposals must be submitted by completing the form available at the link:<\/p>\n<p><strong><a href=\"https:\/\/forms.gle\/UrktvHEQhbYHL9ag9\" data-saferedirecturl=\"https:\/\/www.google.com\/url?q=https:\/\/forms.gle\/PDvVWeUEBVPdvW7v7&amp;source=gmail&amp;ust=1683642771346000&amp;usg=AOvVaw1Vy_BwDTt2zpJbzukEcd7N\">https:\/\/forms.gle\/PDvVWeUEBVPdvW7v7<\/a><\/strong><\/p>\n<p>by 23:59 on day 31\/05\/2023.<\/p>\n<p>In the application, the principal investigator will be required to specify in detail the scientific background, the technical characteristics of the code including libraries, computing environment, compilers, parallelism paradigm. Additionally, they will be required to describe any constraints on the use of resources (e.g., dedicated nodes, minimum number of nodes required per run, single-run execution time, total memory for single job, etc.) and to indicate the period during which they will use the allocated time.<\/p>\n<p>Proponents will also be required to specify the necessary storage space for code execution. This storage, which is not subject to backup, will be available for up to 6 months after the project&#8217;s conclusion and is intended to be functional for data production (it is not the preservation storage).<\/p>\n<p>Unused allocated time cannot be recovered later.<\/p>\n<p style=\"font-weight: 400;\">Similarly, the request for long-term data preservation space must contain all the necessary data for the evaluation of the request: required preservation storage space size, type of data, format and size of each scientific product, description of the expected access frequency, collection structure, data access policy, and all the information deemed relevant for proper data preservation following a FAIR policy.<\/p>\n<p>During the proposal evaluation phase, the Panel may request clarifications and further details from the proponents. Communication of the possible allocation of requested resources will normally occur within 4-5 weeks from the call closing date.<\/p>\n<p><strong><u>Additional info and Ex-post activities<\/u><\/strong><\/p>\n<p style=\"font-weight: 400;\">Starting from 01\/06\/2023 (call closing day), it will also be possible to request \u201con-demand\u201d resources, up to a maximum of <strong>100,000 core\/hours<\/strong> per project and up to the exhaustion of the available resources for this request mode, equal to 5,000,000 core\/hours.<\/p>\n<p style=\"font-weight: 400;\">At the end of the project, the proponent will be asked for a brief report on the results obtained and the criticalities encountered using the allocated resources. Failure to send this report precludes participation in the next call.<\/p>\n<p style=\"font-weight: 400;\">For any request of clarification regarding this call, write to:<\/p>\n<p style=\"font-weight: 400;\"><strong><a href=\"mailto:board.pleaidi@inaf.it\">board.pleaidi@inaf.it<\/a><\/strong><\/p>\n<p>&nbsp;<\/p>\n<p>N.B. In some cases, a performance problem was encountered in the execution of the PLUTO code: while we are working to overcome the criticality, it is advisable to take this into account in the estimation of the required cores\/hours.<\/p>\n<p>[\/et_pb_text][\/et_pb_column][\/et_pb_row][\/et_pb_section]<\/p>\n","protected":false},"excerpt":{"rendered":"<p>INAF &#8211; USC VIII &#8211; Computing Call per risorse di calcolo e preservazioni long-term di dati (data di chiusura 31\/05\/2023)[ English version below ] La USC VIII-Computing di INAF indice una call per l\u2019uso di risorse di calcolo HPC\/HTC e per la disponibilit\u00e0 di spazi di archiviazione dei dati. &nbsp; In particolare, viene offerto l\u2019uso [&hellip;]<\/p>\n","protected":false},"author":19,"featured_media":0,"parent":3121,"menu_order":0,"comment_status":"closed","ping_status":"closed","template":"","meta":{"_et_pb_use_builder":"on","_et_pb_old_content":"<p>Per Richiedere ....\u00a0 <a href=\"https:\/\/docs.google.com\/forms\/d\/17Ke3U-afchyMW3K6VF21NrT2wzAGtqC2_XT6Dg36tjc\">QUI<\/a><\/p>","_et_gb_content_width":""},"_links":{"self":[{"href":"https:\/\/www.ict.inaf.it\/computing\/wp-json\/wp\/v2\/pages\/3198"}],"collection":[{"href":"https:\/\/www.ict.inaf.it\/computing\/wp-json\/wp\/v2\/pages"}],"about":[{"href":"https:\/\/www.ict.inaf.it\/computing\/wp-json\/wp\/v2\/types\/page"}],"author":[{"embeddable":true,"href":"https:\/\/www.ict.inaf.it\/computing\/wp-json\/wp\/v2\/users\/19"}],"replies":[{"embeddable":true,"href":"https:\/\/www.ict.inaf.it\/computing\/wp-json\/wp\/v2\/comments?post=3198"}],"version-history":[{"count":24,"href":"https:\/\/www.ict.inaf.it\/computing\/wp-json\/wp\/v2\/pages\/3198\/revisions"}],"predecessor-version":[{"id":3392,"href":"https:\/\/www.ict.inaf.it\/computing\/wp-json\/wp\/v2\/pages\/3198\/revisions\/3392"}],"up":[{"embeddable":true,"href":"https:\/\/www.ict.inaf.it\/computing\/wp-json\/wp\/v2\/pages\/3121"}],"wp:attachment":[{"href":"https:\/\/www.ict.inaf.it\/computing\/wp-json\/wp\/v2\/media?parent=3198"}],"curies":[{"name":"wp","href":"https:\/\/api.w.org\/{rel}","templated":true}]}}